{"id":11,"date":"2021-12-29T11:24:45","date_gmt":"2021-12-29T11:24:45","guid":{"rendered":"https:\/\/dikenlitel.net\/index.php\/home\/"},"modified":"2022-02-12T11:43:40","modified_gmt":"2022-02-12T08:43:40","slug":"home","status":"publish","type":"page","link":"https:\/\/www.dikenlitel.net\/","title":{"rendered":"Anasayfa"},"content":{"rendered":"<div class=\"\"><div class=\"ui-row row\">\n <div   class=\"ui-column span6\"><div class=\"ui-row ui-row-no-margin\"><div class=\"ui--image-wrap clearfix ui--animation\"><div class=\"ui--image-inline-block\"><a href=\"https:\/\/i0.wp.com\/dikenlitel.net\/wp-content\/uploads\/2022\/02\/dikenlitelMakinamiz.jpg?ssl=1\" data-rel=\"prettyPhoto\"><img decoding=\"async\" title=\"dikenlitelMakinamiz\" class=\"ui--image radius-3px\" id=\"ui--image-1\" src=\"https:\/\/i0.wp.com\/dikenlitel.net\/wp-content\/uploads\/2022\/02\/dikenlitelMakinamiz.jpg?w=960&#038;ssl=1\" data-recalc-dims=\"1\" \/><\/a><div class=\"ui--shadow ui--shadow-type-3 ui--shadow-abs clearfix\"><img decoding=\"async\" src=\"https:\/\/i0.wp.com\/www.dikenlitel.net\/wp-content\/themes\/dikenlitel\/includes\/modules\/module.shadow\/shadows\/shadow-3.png?w=960&#038;ssl=1\" alt=\"shadow\" data-recalc-dims=\"1\" \/><\/div><\/div><\/div><\/div><\/div> \n\n <div   class=\"ui-column span6\"><div class=\"ui-row ui-row-no-margin\"><h2 id=\"custom-title-h2-1\" class=\"ui--animation \" style=\"\">Dikenli Tel<\/h2><div class=\"auto-format ui--animation\"><p><strong>Dikenli tel <\/strong> genellikle bo\u015f arazilerin veya bah\u00e7elerin istenmeyen hayvanlardan korunmas\u0131 amac\u0131 ile kurulan en ekonomik tel \u00e7it sistemidir. Dikenli teller di\u011fer tel \u00e7it sistemlerine g\u00f6re daha az maliyetlidir. Dikenli teller, a\u011fa\u00e7, boru ve beton direkler \u00fczerini \u00e7ekilir.<\/p>\n<\/div><h4 id=\"custom-title-h4-1\" class=\"ui--animation \" style=\"\">Ka\u00e7 S\u0131ra Dikenli Tel \u00c7ekmeliyim?<\/h4><div class=\"auto-format ui--animation\"><ul>\n<li>Tel \u00e7it (tel \u00f6rg\u00fc) \u00fczerine 3 s\u0131ra dikenli tel,<\/li>\n<li>1,5 m uzunlu\u011fundaki d\u00fcz boru direk \u00fczerine 6 s\u0131ra d\u00fcz, 2 s\u0131ra \u00e7apraz,<\/li>\n<li>1,5 m uzunlu\u011fundaki d\u00fcz beton direk \u00fczerine 6 s\u0131ra d\u00fcz, 2 s\u0131ra \u00e7apraz ,<\/li>\n<li>1,5 m uzunlu\u011fundaki nato tipi beton direk \u00fczerine   8 s\u0131ra d\u00fcz, 2 s\u0131ra \u00e7apraz,<\/li>\n<li>2 m uzunlu\u011fundaki nato tipi beton  direk \u00fczerine  10 s\u0131ra d\u00fcz, 2 s\u0131ra \u00e7apraz dikenli tel <\/li>\n<\/ul>\n<\/div><h4 id=\"custom-title-h4-2\" class=\"ui--animation \" style=\"\"> Dikenli Tel \u00d6zellikleri<\/h4><div class=\"auto-format ui--animation\"><p><strong>Kullan\u0131lan Malzeme :<\/strong> S\u0131cak dald\u0131rma galvanizli tel veya PVC kapl\u0131 tel,<\/p>\n<p><strong>Tel \u00c7aplar\u0131 :<\/strong> Hat telleri 1.50 mm.- 2.50 mm. aras\u0131; Diken telleri ise; 1.50 mm. ile 2.50 mm. aras\u0131,<\/p>\n<p><strong>Diken aral\u0131klar\u0131 :<\/strong>  75 -100 -150  mm. ,<\/p>\n<p><strong>Ambalajlama ve Tip  :<\/strong>  125  veya 250 metrelik ters b\u00fck\u00fcm rulolar halinde sat\u0131l\u0131r.<\/p>\n<\/div><\/div><\/div> \n\n<\/div> \n<div  class=\"ui--divider ui--animation clearfix ui--divider-mini\"><\/div><h2 id=\"custom-title-h2-2\" class=\"ui--animation \" style=\"text-align: center; \">Dikenli Tel Modellerimiz<\/h2><div class=\"ui-row row\">\n <div   class=\"ui-column span4\"><div class=\"ui--image-wrap clearfix\"><a href=\"https:\/\/i0.wp.com\/dikenlitel.net\/wp-content\/uploads\/2022\/02\/platinumDikenliTel.jpg?ssl=1\" data-rel=\"prettyPhoto\"><img decoding=\"async\" title=\"Platinum Dikenli Tel\" class=\"ui--image ui--animation\" id=\"ui--image-2\" src=\"https:\/\/i0.wp.com\/dikenlitel.net\/wp-content\/uploads\/2022\/02\/platinumDikenliTel.jpg?w=960&#038;ssl=1\" data-recalc-dims=\"1\" \/><\/a><\/div><\/div> \n\n <div   class=\"ui-column span4\"><div class=\"ui--image-wrap clearfix\"><a href=\"https:\/\/i0.wp.com\/dikenlitel.net\/wp-content\/uploads\/2022\/02\/goldDikenliTel.jpg?ssl=1\" data-rel=\"prettyPhoto\"><img decoding=\"async\" title=\"goldDikenliTel\" class=\"ui--image ui--animation\" id=\"ui--image-3\" src=\"https:\/\/i0.wp.com\/dikenlitel.net\/wp-content\/uploads\/2022\/02\/goldDikenliTel.jpg?w=960&#038;ssl=1\" data-recalc-dims=\"1\" \/><\/a><\/div><\/div> \n\n <div   class=\"ui-column span4\"><div class=\"ui--image-wrap clearfix\"><a href=\"https:\/\/i0.wp.com\/dikenlitel.net\/wp-content\/uploads\/2022\/02\/silverDikenliTel.jpg?ssl=1\" data-rel=\"prettyPhoto\"><img decoding=\"async\" title=\"silverDikenliTel\" class=\"ui--image ui--animation\" id=\"ui--image-4\" src=\"https:\/\/i0.wp.com\/dikenlitel.net\/wp-content\/uploads\/2022\/02\/silverDikenliTel.jpg?w=960&#038;ssl=1\" data-recalc-dims=\"1\" \/><\/a><\/div><\/div> \n\n<\/div> \n<\/div><div class=\"\"><div  class=\"ui--divider ui--animation clearfix ui--divider-solid-line\"><\/div><div  class=\"ui--tagline-box-wrapper ui--animation clearfix\"><div  id=\"tagline-1\" class=\"ui--tagline-box ui-row clearfix ui--tagline-box-custom-color radius-3px\" data-responsive=\"{&quot;css&quot;:{&quot;min-height&quot;:{&quot;phone&quot;:&quot;auto&quot;,&quot;tablet&quot;:&quot;auto&quot;,&quot;widescreen&quot;:&quot;&quot;}}}\"><div  class=\"ui--tagline-background-container ui--tagline-background-overlay radius-3px\"><\/div><div  class=\"ui--tagline-background-container ui--tagline-background-image radius-3px\"><\/div><div  class=\"ui--tagline-content\"><h2 id=\"custom-title-h2-3\" class=\"ui--animation \" style=\"text-align: center; \"> Dikenli Tel Fiyatlar\u0131<\/h2><\/div><\/div><div class=\"ui--shadow ui--shadow-type-1  clearfix\"><img decoding=\"async\" src=\"https:\/\/i0.wp.com\/www.dikenlitel.net\/wp-content\/themes\/dikenlitel\/includes\/modules\/module.shadow\/shadows\/shadow-1.png?w=960&#038;ssl=1\" alt=\"shadow\" data-recalc-dims=\"1\" \/><\/div><\/div><div class=\"auto-format ui--animation\"><p><strong>Dikenli tel fiyatlar\u0131<\/strong> telin kal\u0131nl\u0131\u011f\u0131na, dikenlerin s\u0131kl\u0131\u011f\u0131na\/say\u0131s\u0131na ve metraja (uygulanacak alan\u0131n b\u00fcy\u00fckl\u00fc\u011f\u00fcne) g\u00f6re de\u011fi\u015fikli g\u00f6stermektedir.<\/p>\n<p>En uygun <strong>dikenli tel fiyatlar\u0131<\/strong> i\u00e7in telefon numaralar\u0131m\u0131z: 0 216 312 31 08 GSM: 0507 319 42 91 . Aray\u0131n en uygun dikenli tel \u00e7it fiyat\u0131 al\u0131n.<\/p>\n<\/div><\/div>","protected":false},"excerpt":{"rendered":"<p>Dikenli TelDikenli tel genellikle bo\u015f arazilerin veya bah\u00e7elerin istenmeyen hayvanlardan korunmas\u0131 amac\u0131 ile kurulan en ekonomik tel \u00e7it sistemidir. Dikenli teller di\u011fer tel \u00e7it sistemlerine g\u00f6re daha az maliyetlidir. Dikenli teller, a\u011fa\u00e7, boru ve beton direkler \u00fczerini \u00e7ekilir. Ka\u00e7 S\u0131ra Dikenli Tel \u00c7ekmeliyim? Tel \u00e7it (tel \u00f6rg\u00fc) \u00fczerine 3 s\u0131ra dikenli tel, 1,5 m uzunlu\u011fundaki [&hellip;]<\/p>\n","protected":false},"author":1,"featured_media":0,"parent":0,"menu_order":0,"comment_status":"closed","ping_status":"closed","template":"","meta":{"spay_email":"","footnotes":""},"class_list":["post-11","page","type-page","status-publish","hentry"],"yoast_head":"<!-- This site is optimized with the Yoast SEO plugin v18.1 - https:\/\/yoast.com\/wordpress\/plugins\/seo\/ -->\n<title>Dikenli Tel - POMETAL Dikenli Tel Sistemleri<\/title>\n<meta name=\"description\" content=\"Dikenli tel genellikle bo\u015f arazilerin veya tarlalar\u0131n istenmeyen hayvanlardan korunmas\u0131 amac\u0131 ile kurulan en ekonomik tel \u00e7it sistemidir.\" \/>\n<meta name=\"robots\" content=\"index, follow, max-snippet:-1, max-image-preview:large, max-video-preview:-1\" \/>\n<link rel=\"canonical\" href=\"https:\/\/www.dikenlitel.net\/\" \/>\n<meta property=\"og:locale\" content=\"tr_TR\" \/>\n<meta property=\"og:type\" content=\"article\" \/>\n<meta property=\"og:title\" content=\"Dikenli Tel\" \/>\n<meta property=\"og:description\" content=\"Dikenli tel genellikle bo\u015f arazilerin veya tarlalar\u0131n istenmeyen hayvanlardan korunmas\u0131 amac\u0131 ile kurulan en ekonomik tel \u00e7it sistemidir.\" \/>\n<meta property=\"og:url\" content=\"https:\/\/www.dikenlitel.net\/\" \/>\n<meta property=\"og:site_name\" content=\"Dikenli Tel \u00c7it Sistemleri\" \/>\n<meta property=\"article:modified_time\" content=\"2022-02-12T08:43:40+00:00\" \/>\n<meta property=\"og:image\" content=\"https:\/\/www.dikenlitel.net\/wp-content\/uploads\/2022\/02\/platinumDikenliTel.jpg\" \/>\n\t<meta property=\"og:image:width\" content=\"960\" \/>\n\t<meta property=\"og:image:height\" content=\"551\" \/>\n\t<meta property=\"og:image:type\" content=\"image\/jpeg\" \/>\n<meta name=\"twitter:card\" content=\"summary_large_image\" \/>\n<meta name=\"twitter:title\" content=\"Dikenli Tel\" \/>\n<meta name=\"twitter:description\" content=\"Dikenli tel genellikle bo\u015f arazilerin veya tarlalar\u0131n istenmeyen hayvanlardan korunmas\u0131 amac\u0131 ile kurulan en ekonomik tel \u00e7it sistemidir.\" \/>\n<meta name=\"twitter:image\" content=\"https:\/\/i0.wp.com\/www.dikenlitel.net\/wp-content\/uploads\/2022\/02\/platinumDikenliTel.jpg?fit=960%2C551&amp;ssl=1\" \/>\n<script type=\"application\/ld+json\" class=\"yoast-schema-graph\">{\"@context\":\"https:\/\/schema.org\",\"@graph\":[{\"@type\":\"WebSite\",\"@id\":\"https:\/\/www.dikenlitel.net\/#website\",\"url\":\"https:\/\/www.dikenlitel.net\/\",\"name\":\"Dikenli Tel \u00c7it Sistemleri\",\"description\":\"\u0130malattan Dikenli Tel\",\"potentialAction\":[{\"@type\":\"SearchAction\",\"target\":{\"@type\":\"EntryPoint\",\"urlTemplate\":\"https:\/\/www.dikenlitel.net\/?s={search_term_string}\"},\"query-input\":\"required name=search_term_string\"}],\"inLanguage\":\"tr\"},{\"@type\":\"ImageObject\",\"@id\":\"https:\/\/www.dikenlitel.net\/#primaryimage\",\"inLanguage\":\"tr\",\"url\":\"https:\/\/i0.wp.com\/www.dikenlitel.net\/wp-content\/uploads\/2022\/02\/platinumDikenliTel.jpg?fit=960%2C551&ssl=1\",\"contentUrl\":\"https:\/\/i0.wp.com\/www.dikenlitel.net\/wp-content\/uploads\/2022\/02\/platinumDikenliTel.jpg?fit=960%2C551&ssl=1\",\"width\":960,\"height\":551,\"caption\":\"Platinum Dikenli Tel\"},{\"@type\":\"WebPage\",\"@id\":\"https:\/\/www.dikenlitel.net\/#webpage\",\"url\":\"https:\/\/www.dikenlitel.net\/\",\"name\":\"Dikenli Tel - POMETAL Dikenli Tel Sistemleri\",\"isPartOf\":{\"@id\":\"https:\/\/www.dikenlitel.net\/#website\"},\"datePublished\":\"2021-12-29T11:24:45+00:00\",\"dateModified\":\"2022-02-12T08:43:40+00:00\",\"description\":\"Dikenli tel genellikle bo\u015f arazilerin veya tarlalar\u0131n istenmeyen hayvanlardan korunmas\u0131 amac\u0131 ile kurulan en ekonomik tel \u00e7it sistemidir.\",\"breadcrumb\":{\"@id\":\"https:\/\/www.dikenlitel.net\/#breadcrumb\"},\"inLanguage\":\"tr\",\"potentialAction\":[{\"@type\":\"ReadAction\",\"target\":[\"https:\/\/www.dikenlitel.net\/\"]}]},{\"@type\":\"BreadcrumbList\",\"@id\":\"https:\/\/www.dikenlitel.net\/#breadcrumb\",\"itemListElement\":[{\"@type\":\"ListItem\",\"position\":1,\"name\":\"Anasayfa\",\"item\":\"https:\/\/www.dikenlitel.net\/\"},{\"@type\":\"ListItem\",\"position\":2,\"name\":\"Anasayfa\"}]}]}<\/script>\n<!-- \/ Yoast SEO plugin. -->","yoast_head_json":{"title":"Dikenli Tel - POMETAL Dikenli Tel Sistemleri","description":"Dikenli tel genellikle bo\u015f arazilerin veya tarlalar\u0131n istenmeyen hayvanlardan korunmas\u0131 amac\u0131 ile kurulan en ekonomik tel \u00e7it sistemidir.","robots":{"index":"index","follow":"follow","max-snippet":"max-snippet:-1","max-image-preview":"max-image-preview:large","max-video-preview":"max-video-preview:-1"},"canonical":"https:\/\/www.dikenlitel.net\/","og_locale":"tr_TR","og_type":"article","og_title":"Dikenli Tel","og_description":"Dikenli tel genellikle bo\u015f arazilerin veya tarlalar\u0131n istenmeyen hayvanlardan korunmas\u0131 amac\u0131 ile kurulan en ekonomik tel \u00e7it sistemidir.","og_url":"https:\/\/www.dikenlitel.net\/","og_site_name":"Dikenli Tel \u00c7it Sistemleri","article_modified_time":"2022-02-12T08:43:40+00:00","og_image":[{"width":960,"height":551,"url":"https:\/\/www.dikenlitel.net\/wp-content\/uploads\/2022\/02\/platinumDikenliTel.jpg","type":"image\/jpeg"}],"twitter_card":"summary_large_image","twitter_title":"Dikenli Tel","twitter_description":"Dikenli tel genellikle bo\u015f arazilerin veya tarlalar\u0131n istenmeyen hayvanlardan korunmas\u0131 amac\u0131 ile kurulan en ekonomik tel \u00e7it sistemidir.","twitter_image":"https:\/\/i0.wp.com\/www.dikenlitel.net\/wp-content\/uploads\/2022\/02\/platinumDikenliTel.jpg?fit=960%2C551&ssl=1","schema":{"@context":"https:\/\/schema.org","@graph":[{"@type":"WebSite","@id":"https:\/\/www.dikenlitel.net\/#website","url":"https:\/\/www.dikenlitel.net\/","name":"Dikenli Tel \u00c7it Sistemleri","description":"\u0130malattan Dikenli Tel","potentialAction":[{"@type":"SearchAction","target":{"@type":"EntryPoint","urlTemplate":"https:\/\/www.dikenlitel.net\/?s={search_term_string}"},"query-input":"required name=search_term_string"}],"inLanguage":"tr"},{"@type":"ImageObject","@id":"https:\/\/www.dikenlitel.net\/#primaryimage","inLanguage":"tr","url":"https:\/\/i0.wp.com\/www.dikenlitel.net\/wp-content\/uploads\/2022\/02\/platinumDikenliTel.jpg?fit=960%2C551&ssl=1","contentUrl":"https:\/\/i0.wp.com\/www.dikenlitel.net\/wp-content\/uploads\/2022\/02\/platinumDikenliTel.jpg?fit=960%2C551&ssl=1","width":960,"height":551,"caption":"Platinum Dikenli Tel"},{"@type":"WebPage","@id":"https:\/\/www.dikenlitel.net\/#webpage","url":"https:\/\/www.dikenlitel.net\/","name":"Dikenli Tel - POMETAL Dikenli Tel Sistemleri","isPartOf":{"@id":"https:\/\/www.dikenlitel.net\/#website"},"datePublished":"2021-12-29T11:24:45+00:00","dateModified":"2022-02-12T08:43:40+00:00","description":"Dikenli tel genellikle bo\u015f arazilerin veya tarlalar\u0131n istenmeyen hayvanlardan korunmas\u0131 amac\u0131 ile kurulan en ekonomik tel \u00e7it sistemidir.","breadcrumb":{"@id":"https:\/\/www.dikenlitel.net\/#breadcrumb"},"inLanguage":"tr","potentialAction":[{"@type":"ReadAction","target":["https:\/\/www.dikenlitel.net\/"]}]},{"@type":"BreadcrumbList","@id":"https:\/\/www.dikenlitel.net\/#breadcrumb","itemListElement":[{"@type":"ListItem","position":1,"name":"Anasayfa","item":"https:\/\/www.dikenlitel.net\/"},{"@type":"ListItem","position":2,"name":"Anasayfa"}]}]}},"jetpack_sharing_enabled":true,"jetpack-related-posts":[],"_links":{"self":[{"href":"https:\/\/www.dikenlitel.net\/index.php\/wp-json\/wp\/v2\/pages\/11","targetHints":{"allow":["GET"]}}],"collection":[{"href":"https:\/\/www.dikenlitel.net\/index.php\/wp-json\/wp\/v2\/pages"}],"about":[{"href":"https:\/\/www.dikenlitel.net\/index.php\/wp-json\/wp\/v2\/types\/page"}],"author":[{"embeddable":true,"href":"https:\/\/www.dikenlitel.net\/index.php\/wp-json\/wp\/v2\/users\/1"}],"replies":[{"embeddable":true,"href":"https:\/\/www.dikenlitel.net\/index.php\/wp-json\/wp\/v2\/comments?post=11"}],"version-history":[{"count":5,"href":"https:\/\/www.dikenlitel.net\/index.php\/wp-json\/wp\/v2\/pages\/11\/revisions"}],"predecessor-version":[{"id":37,"href":"https:\/\/www.dikenlitel.net\/index.php\/wp-json\/wp\/v2\/pages\/11\/revisions\/37"}],"wp:attachment":[{"href":"https:\/\/www.dikenlitel.net\/index.php\/wp-json\/wp\/v2\/media?parent=11"}],"curies":[{"name":"wp","href":"https:\/\/api.w.org\/{rel}","templated":true}]}}